{"id":2064,"date":"2023-04-07T06:10:28","date_gmt":"2023-04-07T06:10:28","guid":{"rendered":"http:\/\/www.paradisointerra.com\/risorse\/?page_id=2064"},"modified":"2025-11-24T07:58:44","modified_gmt":"2025-11-24T07:58:44","slug":"cacao","status":"publish","type":"page","link":"http:\/\/www.paradisointerra.com\/risorse\/cacao\/","title":{"rendered":"cacao"},"content":{"rendered":"\n<h4 class=\"wp-block-heading\"><span style=\"color: #ff0000;\">La Cerimonia del cacao<\/span><\/h4>\n\n\n\n<p class=\"has-text-align-center\"><strong><em>Puoi seguire la cerimonia da solo o in gruppo, \u00e8 un&#8217;esperienza di puro amore!<\/em><\/strong><\/p>\n\n\n\n<figure class=\"wp-block-image\"><a href=\"http:\/\/www.paradisointerra.com\/risorse\/wp-content\/uploads\/2023\/04\/dddd.png\"><img loading=\"lazy\" decoding=\"async\" width=\"900\" height=\"600\" src=\"http:\/\/www.paradisointerra.com\/risorse\/wp-content\/uploads\/2023\/04\/dddd.png\" alt=\"\" class=\"wp-image-2066\" srcset=\"http:\/\/www.paradisointerra.com\/risorse\/wp-content\/uploads\/2023\/04\/dddd.png 900w, http:\/\/www.paradisointerra.com\/risorse\/wp-content\/uploads\/2023\/04\/dddd-300x200.png 300w, http:\/\/www.paradisointerra.com\/risorse\/wp-content\/uploads\/2023\/04\/dddd-768x512.png 768w\" sizes=\"auto, (max-width: 900px) 100vw, 900px\" \/><\/a><\/figure>\n\n\n\n<p class=\"has-text-align-center\"><\/p>\n\n\n\n<p><strong>Unisciti allo spirito della pianta del cacao, bevendo cacao crudo<\/strong>. Allora il tuo intento, unito alla meditazione, ti pu\u00f2 portare messaggi utili alla conoscenza profonda di te, perch\u00e9 il cacao apre il cuore a riceverli.\u2764\ufe0f<\/p>\n\n\n\n<p>Senza fare niente, pu\u00f2 arrivare un naturale superamento dei traumi del passato, di questa o di altre vite. Lo spirito della pianta apre a intuizioni Divine in un modo nuovo, perch\u00e9 il cacao ti d\u00e0 uno &#8220;sballo naturale&#8221; e oltretutto ti fa bene alla salute!<\/p>\n\n\n<div class=\"wp-block-image\">\n<figure class=\"alignleft\"><a href=\"http:\/\/www.paradisointerra.com\/risorse\/wp-content\/uploads\/2023\/04\/images.jpg\"><img loading=\"lazy\" decoding=\"async\" width=\"300\" height=\"155\" src=\"http:\/\/www.paradisointerra.com\/risorse\/wp-content\/uploads\/2023\/04\/images-300x155.jpg\" alt=\"\" class=\"wp-image-2068\" srcset=\"http:\/\/www.paradisointerra.com\/risorse\/wp-content\/uploads\/2023\/04\/images-300x155.jpg 300w, http:\/\/www.paradisointerra.com\/risorse\/wp-content\/uploads\/2023\/04\/images.jpg 312w\" sizes=\"auto, (max-width: 300px) 100vw, 300px\" \/><\/a><\/figure>\n<\/div>\n\n\n<p><\/p>\n\n\n\n<p>Non si tratta del cioccolato che hai sempre conosciuto (addizionato di zuccheri, latte, conservanti, burro di cacao ecc&#8230;), ma di cacao <strong>puro e CRUDO<\/strong>, ottenuto da fave di cacao essiccate in modo lento.<\/p>\n\n\n\n<p>Per ottenere la bevanda, i blocchi di cacao crudo vanno sminuzzati e messi in acqua bollente, con aggiunta eventuale di datteri o miele, spezie, vaniglia, aromi naturali per togliere il sapore amaro. Diventa la &#8220;bevanda degli Dei&#8221;. Quando la <strong>teobromina<\/strong> contenuta nel cacao avr\u00e0 effetto, ti sentirai vivo e consapevole, connesso col tuo S\u00e9 pi\u00f9 alto. Sar\u00e0 un&#8217;esperienza diversa da qualsiasi altra, che ricorderai per sempre.<\/p>\n\n\n\n<h3 class=\"wp-block-heading\"><span style=\"color: #ff0000;\">Guarda che meraviglia l&#8217;albero del cacao e le fave mature.<\/span><\/h3>\n\n\n<div class=\"wp-block-image\">\n<figure class=\"alignleft\"><a href=\"http:\/\/www.paradisointerra.com\/risorse\/wp-content\/uploads\/2023\/05\/IMG_9688.jpeg\"><img loading=\"lazy\" decoding=\"async\" width=\"300\" height=\"225\" src=\"http:\/\/www.paradisointerra.com\/risorse\/wp-content\/uploads\/2023\/05\/IMG_9688-300x225.jpeg\" alt=\"\" class=\"wp-image-2093\" srcset=\"http:\/\/www.paradisointerra.com\/risorse\/wp-content\/uploads\/2023\/05\/IMG_9688-300x225.jpeg 300w, http:\/\/www.paradisointerra.com\/risorse\/wp-content\/uploads\/2023\/05\/IMG_9688-768x576.jpeg 768w, http:\/\/www.paradisointerra.com\/risorse\/wp-content\/uploads\/2023\/05\/IMG_9688-1024x768.jpeg 1024w\" sizes=\"auto, (max-width: 300px) 100vw, 300px\" \/><\/a><\/figure>\n<\/div>\n\n<div class=\"wp-block-image\">\n<figure class=\"alignleft\"><a href=\"http:\/\/www.paradisointerra.com\/risorse\/wp-content\/uploads\/2023\/04\/IMG_9582.jpeg\"><img loading=\"lazy\" decoding=\"async\" width=\"300\" height=\"225\" src=\"http:\/\/www.paradisointerra.com\/risorse\/wp-content\/uploads\/2023\/04\/IMG_9582-300x225.jpeg\" alt=\"\" class=\"wp-image-2100\" srcset=\"http:\/\/www.paradisointerra.com\/risorse\/wp-content\/uploads\/2023\/04\/IMG_9582-300x225.jpeg 300w, http:\/\/www.paradisointerra.com\/risorse\/wp-content\/uploads\/2023\/04\/IMG_9582-768x576.jpeg 768w, http:\/\/www.paradisointerra.com\/risorse\/wp-content\/uploads\/2023\/04\/IMG_9582-1024x768.jpeg 1024w\" sizes=\"auto, (max-width: 300px) 100vw, 300px\" \/><\/a><\/figure>\n<\/div>\n\n\n<p><\/p>\n\n\n\n<p>&nbsp;<\/p>\n\n\n\n<h5 class=\"wp-block-heading\">&nbsp;<\/h5>\n\n\n\n<p>&nbsp;<\/p>\n\n\n\n<h5 class=\"wp-block-heading\">&nbsp;<\/h5>\n\n\n\n<h5 class=\"wp-block-heading\">&nbsp;<\/h5>\n\n\n\n<h5 class=\"wp-block-heading\">&nbsp;<\/h5>\n\n\n\n<h3 class=\"wp-block-heading\">&nbsp;<span style=\"color: #ff0000;\"><strong>Ogni cerimonia \u00e8 diversa.<\/strong><\/span><\/h3>\n\n\n\n<p><em><strong>La cerimonia che ti propongo io contiene 2 meditazioni che ti connettono con la terra e col cielo, basate sulla mia esperienza del Divino<\/strong><\/em>. La prima \u00e8 breve,&nbsp; mentre la seconda \u00e8 pi\u00f9 lunga, \u00e8 un &#8220;viaggio&#8221;.<\/p>\n\n\n\n<p>Ogni facilitatore guider\u00e0 meditazioni diverse! Se sei un operatore olistico e vuoi proporre &#8211; grazie a questo corso &#8211; la cerimonia del cacao con le mie meditazioni, potrai farlo. Meglio per\u00f2 &#8220;copiare&#8221; solo la prima meditazione, quella &#8220;pre-assunzione del cacao&#8221; e creare una tua propria meditazione per il &#8220;viaggio&#8221;. (per\u00f2 se vuoi copiare tutto, va benissimo.)<\/p>\n\n\n\n<h3 class=\"wp-block-heading\"><span style=\"color: #ff0000;\">A che ti serve questa cerimonia<\/span><\/h3>\n\n\n\n<p>\u2705 ad aprire il cuore.&nbsp; Sembra una frase fatta, ma il cacao te lo consente davvero!&nbsp; &nbsp; &nbsp; &nbsp; &nbsp;Cade l&#8217;ego, il mentale giudicante. Cadono le maschere.<\/p>\n\n\n\n<p>\u2705 ad acutizzare le sensazioni per ricevere i messaggi Divini che riguardano TE. Sono messaggi molto pi\u00f9 limpidi dopo aver bevuto il cacao.<\/p>\n\n\n\n<p>\u2705 a guarire da traumi di vite passate o traumi vissuti in questa vita da zero a sette anni. Il subconscio cancella memorie grazie a cacao e meditazione.<\/p>\n\n\n\n<p>\u2705 a rafforzare il senso pratico perch\u00e9 il cacao ti radica con madre Terra, spingendoti all&#8217;azione verso la ricchezza materiale<\/p>\n\n\n\n<p>\u2705 a darti sensazione di potere, di forza interiore, di autostima.<\/p>\n\n\n\n<p>\u2705 se sei un operatore olistico, dopo aver sperimentato tu puoi proporre la cerimonia ad altri.<\/p>\n\n\n\n<p>&nbsp;<\/p>\n\n\n\n<h5 class=\"wp-block-heading\"><figure><a href=\"http:\/\/www.paradisointerra.com\/risorse\/wp-content\/uploads\/2023\/04\/rawcacao.jpeg\"><img loading=\"lazy\" decoding=\"async\" class=\"alignnone size-full wp-image-2074\" src=\"http:\/\/www.paradisointerra.com\/risorse\/wp-content\/uploads\/2023\/04\/rawcacao.jpeg\" alt=\"\" width=\"840\" height=\"567\" srcset=\"http:\/\/www.paradisointerra.com\/risorse\/wp-content\/uploads\/2023\/04\/rawcacao.jpeg 840w, http:\/\/www.paradisointerra.com\/risorse\/wp-content\/uploads\/2023\/04\/rawcacao-300x203.jpeg 300w, http:\/\/www.paradisointerra.com\/risorse\/wp-content\/uploads\/2023\/04\/rawcacao-768x518.jpeg 768w\" sizes=\"auto, (max-width: 840px) 100vw, 840px\" \/><\/a><\/figure><\/h5>\n\n\n\n<p>&nbsp;<\/p>\n\n\n\n<h3 class=\"wp-block-heading\"><span style=\"color: #ff0000;\">Di cosa si compone questo corso<\/span><\/h3>\n\n\n\n<p>\ud83c\udf3a un video con la ricetta del cacao cerimoniale. E&#8217; semplice, ma richiede cura spirituale.<\/p>\n\n\n\n<p>\ud83c\udf3a un audio con tutte le spiegazioni del tipo di cacao usato e delle sue propriet\u00e0, pi\u00f9 la spiegazione delle 2 meditazioni<\/p>\n\n\n\n<p>\ud83c\udf3a un audio con la meditazione pre-cacao, per prepararci al meglio per berlo.<\/p>\n\n\n\n<p>\ud83c\udf3a un audio con la preghiera di ringraziamento, con la tazza in mano.<\/p>\n\n\n\n<p>\ud83c\udf3a un audio con la meditazione-viaggio per ricevere messaggi da maestri, Angeli e Guide.<\/p>\n\n\n\n<p>\ud83c\udf3a un pdf con la trascrizione della spiegazione del Cerimoniale<\/p>\n\n\n\n<h3 class=\"wp-block-heading\"><span style=\"color: #ff0000;\">testimonianze<\/span><\/h3>\n\n\n\n<h6 class=\"wp-block-heading\">Ieri pomeriggio, rientrata dal lavoro dopo una giornata di notizie demotivanti e poco costruttive, la decisione di fare il rituale, cos\u00ec senza aspettative, semplicemente regalandomi qualcosa di SPECIALE &#8211; DELIZIOSO: amo il cioccolato. Gi\u00e0 dalla preparazione con la tua voce in sottofondo una strana sensazione di PACE e ARMONIA tutto proseguiva lentamente e nel piacere della preparazione. Durante le meditazioni, ho avuto la percezione di staccarmi dal corpo fisico, un senso di estrema leggerezza, ho lasciato che tutto fluisse senza pensare a nulla ma rimanendo in quella strana tranquillit\u00e0.&nbsp; &nbsp; &nbsp; &nbsp; &nbsp; &nbsp; &nbsp; &nbsp; &nbsp; &nbsp; &nbsp; &nbsp; &nbsp; &nbsp;E&#8217; stato bellissimo tutto il cerimoniale di Benedizione e poi gustarmi la tazza di cioccolato tutto fatto in PACE e ARMONIA. Il giorno dopo ho avuto un meraviglioso flash di consapevolezza: ho subito chiamato un grafico per farmi fare il sito web (ci pensavo da un anno) e ho mandato la lettera di licenziamento.<\/h6>\n\n\n\n<h6 class=\"wp-block-heading\">Chiara<\/h6>\n\n\n\n<div>______________________<\/div>\n\n\n\n<div>&nbsp;<\/div>\n\n\n\n<div>&nbsp;<\/div>\n\n\n\n<figure class=\"wp-block-image\"><a href=\"http:\/\/www.paradisointerra.com\/risorse\/wp-content\/uploads\/2023\/04\/Schermata-2023-06-08-alle-07.47.32-1.png\"><img loading=\"lazy\" decoding=\"async\" width=\"902\" height=\"293\" src=\"http:\/\/www.paradisointerra.com\/risorse\/wp-content\/uploads\/2023\/04\/Schermata-2023-06-08-alle-07.47.32-1.png\" alt=\"\" class=\"wp-image-2127\" srcset=\"http:\/\/www.paradisointerra.com\/risorse\/wp-content\/uploads\/2023\/04\/Schermata-2023-06-08-alle-07.47.32-1.png 902w, http:\/\/www.paradisointerra.com\/risorse\/wp-content\/uploads\/2023\/04\/Schermata-2023-06-08-alle-07.47.32-1-300x97.png 300w, http:\/\/www.paradisointerra.com\/risorse\/wp-content\/uploads\/2023\/04\/Schermata-2023-06-08-alle-07.47.32-1-768x249.png 768w\" sizes=\"auto, (max-width: 902px) 100vw, 902px\" \/><\/a><\/figure>\n\n\n\n<div><\/div>\n\n\n\n<h6 class=\"wp-block-heading\">__________________________<\/h6>\n\n\n\n<h6 class=\"wp-block-heading\">Gentilissima Alessandra , ti scrivo, mi permetto di darti del tu, in merito alla Cerimonia del Cacao. Abito Romagna. Nel mese di maggio qui c&#8217;\u00e8 stata una grossa alluvione che ci ha colpito nelle anime e anche a livello materiale, nel mio piccolo, proprio piccolo, ho dato una mano. Oggi, comunque, sono riuscita a seguire la Cerimonia del cacao, che ti ringrazio di aver messo disposizione.&nbsp; Comprendo che il canale di Internet e certa superficialit\u00e0 possa ridurre un po&#8217; la sacralit\u00e0 di certi corsi, cerimonie, ma la tua, almeno per me,&nbsp; \u00e8 stata una cerimonia Sacra.&nbsp;L&#8217;intento del tuo cuore e del condividere qualcosa per il bene delle persone e al servizio di un qualcosa di pi\u00f9 grande \u00e8 arrivato forte e chiaro .&nbsp;Volevo effettuare dal vivo questa cerimonia ma per motivi pratici non riuscivo \u00e8 cos\u00ec grazie a te e alla tua condivisione sono riuscita a farlo .&nbsp;Non entro in merito a quello che riguarda me nel dettaglio ma ti posso assicurare che ho percepito la forza e la connessione con il mondo dello Spirito e il mondo della Terra. \u00c8 andata a sciogliere guarire ci\u00f2 che era necessario al di l\u00e0 di quello che la mia mente pensava. Ho ricevuto messaggi.&nbsp;Penso e credo che quando si lavora su di s\u00e9 e si condivide poi con gli altri \u00e8 come una cascata che passa. Sono certa che quello che si \u00e8 mosso arriver\u00e0 anche alle persone attorno a me e quindi il tuo lavoro, la tua condivisione \u00e8 un bene che va oltre te, oltre me, al servizio di qualcosa di pi\u00f9 grande.&nbsp; Lara<\/h6>\n\n\n\n<div dir=\"auto\">_____________________________________<\/div>\n\n\n\n<div dir=\"auto\">&nbsp;<\/div>\n\n\n\n<h2 class=\"wp-block-heading has-text-align-center\"><span style=\"color: #ff0000;\">Quanto costa?<\/span><\/h2>\n\n\n\n<p class=\"has-text-align-center\">67 euro<\/p>\n\n\n\n<p class=\"has-text-align-center\"><\/p>\n\n\n\n<h3 class=\"wp-block-heading\">&nbsp;<\/h3>\n\n\n\n<p class=\"has-text-align-center\"><strong>Clicca qui sotto per acquistare:<\/strong><\/p>\n\n\n\n<form action=\"https:\/\/www.paypal.com\/cgi-bin\/webscr\" method=\"post\" target=\"_blank\">\n  <input type=\"hidden\" name=\"cmd\" value=\"_s-xclick\" \/>\n  <input type=\"hidden\" name=\"hosted_button_id\" value=\"AST5YPBXTV2P6\" \/>\n  <input type=\"hidden\" name=\"currency_code\" value=\"EUR\" \/>\n  <input type=\"image\" src=\"https:\/\/www.paypalobjects.com\/en_US\/i\/btn\/btn_cart_LG.gif\" border=\"0\" name=\"submit\" title=\"PayPal, il metodo semplice e sicuro per pagare online\" alt=\"Aggiungi al carrello\" \/>\n<\/form>\n\n\n\n<p><\/p>\n\n\n\n<p>Appena pagato paypal ti lascia un link, tu ci clicchi e ricevi subito un form dove scrivere il tuo nome e la tua email. A quel punto l\u2019intero corso \u201ccerimonia del cacao&#8221; ti arriva via mail. Se vuoi pagare con bonifico o ricarica postepay scrivimi a manifestareconlaluna1@gmail.com<\/p>\n\n\n\n<p>\ud83d\uded1 Se dopo aver pagato riscontri problemi a scaricare il corso, <strong>scrivimi subito<\/strong> a manifestareconlaluna1@gmail.com\ud83d\uded1<\/p>\n\n\n\n<p>&nbsp;<\/p>\n\n\n\n<p><strong>F.A.Q.<\/strong><\/p>\n\n\n\n<p><strong>Per chi \u00e8 adatta questa cerimonia?<\/strong>&nbsp;Per chi si sente timido o insicuro \u2013 per chi vuole ricevere messaggi dal Divino che aprono a infinite possibilit\u00e0 \u2013 per chi vuole aprire il cuore perch\u00e9 troppo razionale, disilluso, rassegnato \u2013 per chi vuole amarsi di pi\u00f9 &#8211; per chi \u00e8 curioso di esplorare se stesso &#8211; per chi vuole guarire da traumi del passato &#8211; per chi \u00e8 un operatore olistico e vuole proporre questa magnifica cerimonia ai suoi clienti.<\/p>\n\n\n\n<p><strong>per chi NON \u00e8 adatto questo corso?<\/strong>&nbsp;Per chi ha ipertensione o problemi di cuore, per chi \u00e8 scettico, per chi non \u00e8 disposto a lasciarsi andare.<\/p>\n\n\n\n<p><strong>In che modo ricevo il corso?&nbsp;<\/strong>Via mail! Appena pagato con paypal ricevi prima un form dove metti nome ed email, poi una mail di conferma e infine una di benvenuto con il link del corso. Ti basta cliccare sul quel link e hai l\u2019elenco degli audio, la video-ricetta e la trascrizione in pdf.&nbsp;<strong><em>5 minuti dopo aver pagato hai il corso.<\/em><\/strong><\/p>\n\n\n\n<p><strong>E se non riesco a scaricare il corso?<\/strong>&nbsp;Scrivimi subito a&nbsp; manifestareconlaluna1@gmail.com, te lo mando manualmente.<\/p>\n\n\n\n<p><strong>Come lo seguo?<\/strong><br>In 2 tempi. Ascolta prima razionalmente l&#8217;audio-presentazione del Cerimoniale e\/o leggi la trascrizione. Guarda&nbsp; la video-ricetta e procurati gli ingredienti! Poi fai la vera e propria Cerimonia preparando il cacao e ascoltando le 3 meditazioni!<\/p>\n\n\n\n<p><strong>E&#8217; certo che io riceva messaggi?&nbsp;<\/strong>Non lo so! Dipende da te, se ti lasci andare, se hai un buon intento che ti aiuta, se sei motivato e se elimini ogni aspettativa.<\/p>\n\n\n\n<p><strong>In che senso divento una persona migliore? <\/strong>Le meditazioni&nbsp;ti aprono mente e cuore, cosa che ti permette di trovare pi\u00f9 velocemente soluzioni ai problemi della vita. Ti troverai a rispondere alle persone in modo pi\u00f9 assertivo, ad intessere relazioni pi\u00f9 pacifiche ed intime, a lasciar andare l&#8217;importanza di avere ragione o la rigidit\u00e0\u2026&nbsp; Saprai pi\u00f9 precisamente cosa vuoi e come ottenerlo,&nbsp; Cresci senza accorgertene.<\/p>\n\n\n\n<p class=\"has-text-align-center\"><strong>Acquista ora a soli 67 euro la Cerimonia del cacao!\u00a0<\/strong><\/p>\n\n\n\n<form action=\"https:\/\/www.paypal.com\/cgi-bin\/webscr\" method=\"post\" target=\"_blank\">\n  <input type=\"hidden\" name=\"cmd\" value=\"_s-xclick\" \/>\n  <input type=\"hidden\" name=\"hosted_button_id\" value=\"AST5YPBXTV2P6\" \/>\n  <input type=\"hidden\" name=\"currency_code\" value=\"EUR\" \/>\n  <input type=\"image\" src=\"https:\/\/www.paypalobjects.com\/en_US\/i\/btn\/btn_cart_LG.gif\" border=\"0\" name=\"submit\" title=\"PayPal, il metodo semplice e sicuro per pagare online\" alt=\"Aggiungi al carrello\" \/>\n<\/form>\n\n\n\n<p><strong>Ti aspetto &#8220;dentro&#8221; la Cerimonia!<\/strong><\/p>\n\n\n\n<p>&nbsp;<\/p>\n\n\n\n<p>&nbsp;<\/p>\n\n\n\n<p>&nbsp;<\/p>\n","protected":false},"excerpt":{"rendered":"<p>La Cerimonia del cacao Puoi seguire la cerimonia da solo o in gruppo, \u00e8 un&#8217;esperienza di puro amore! Unisciti allo spirito della pianta del cacao, bevendo cacao crudo. Allora il tuo intento, unito alla meditazione, ti pu\u00f2 portare messaggi utili alla conoscenza profonda di te, perch\u00e9 il cacao apre il cuore a riceverli.\u2764\ufe0f Senza fare&#x2026; <span class=\"link-container\"><a href=\"http:\/\/www.paradisointerra.com\/risorse\/cacao\/\" class=\"more-link\">Continue Reading <span class=\"screen-reader-text\">cacao<\/span><\/a><\/span><\/p>\n","protected":false},"author":1,"featured_media":0,"parent":0,"menu_order":0,"comment_status":"closed","ping_status":"closed","template":"templates\/full-width-page.php","meta":{"footnotes":""},"class_list":["post-2064","page","type-page","status-publish","hentry"],"_links":{"self":[{"href":"http:\/\/www.paradisointerra.com\/risorse\/wp-json\/wp\/v2\/pages\/2064","targetHints":{"allow":["GET"]}}],"collection":[{"href":"http:\/\/www.paradisointerra.com\/risorse\/wp-json\/wp\/v2\/pages"}],"about":[{"href":"http:\/\/www.paradisointerra.com\/risorse\/wp-json\/wp\/v2\/types\/page"}],"author":[{"embeddable":true,"href":"http:\/\/www.paradisointerra.com\/risorse\/wp-json\/wp\/v2\/users\/1"}],"replies":[{"embeddable":true,"href":"http:\/\/www.paradisointerra.com\/risorse\/wp-json\/wp\/v2\/comments?post=2064"}],"version-history":[{"count":38,"href":"http:\/\/www.paradisointerra.com\/risorse\/wp-json\/wp\/v2\/pages\/2064\/revisions"}],"predecessor-version":[{"id":2365,"href":"http:\/\/www.paradisointerra.com\/risorse\/wp-json\/wp\/v2\/pages\/2064\/revisions\/2365"}],"wp:attachment":[{"href":"http:\/\/www.paradisointerra.com\/risorse\/wp-json\/wp\/v2\/media?parent=2064"}],"curies":[{"name":"wp","href":"https:\/\/api.w.org\/{rel}","templated":true}]}}