{"id":1998,"date":"2022-11-02T08:59:10","date_gmt":"2022-11-02T08:59:10","guid":{"rendered":"http:\/\/www.paradisointerra.com\/risorse\/?page_id=1998"},"modified":"2024-02-22T09:31:49","modified_gmt":"2024-02-22T09:31:49","slug":"missione","status":"publish","type":"page","link":"http:\/\/www.paradisointerra.com\/risorse\/missione\/","title":{"rendered":"missione"},"content":{"rendered":"<div id=\"sec_0\" class=\"pb_section\">\n<div id=\"row_0\" class=\"pb_row pb_row-pad\">\n<div id=\"col_0\" class=\"pb_col pb_col-1-1\">\n<div id=\"element_0_loop\">\n<div id=\"element_0\" class=\"el_type_text\">\n<h3 id=\"element_text_0\" style=\"text-align: center;\"><span class=\"el_text dynva\"><strong>Riconosci la tua Missione dell&#8217;Anima<\/strong><\/span><\/h3>\n<\/div>\n<\/div>\n<div id=\"element_1_loop\">\n<div id=\"element_1\" class=\"el_type_text\">\n<div id=\"element_text_1\"><span class=\"el_text dynva\"><strong>Quando scopri il tuo scopo di vita<\/strong>\u00a0e ti allinei al volere della tua anima, diventi una persona che sa cosa vuole dalla vita, perch\u00e9\u00a0<strong>hai finalmente un faro\u00a0<\/strong>che ti illumina nel lavoro, in famiglia, nelle relazioni.<\/span><\/div>\n<\/div>\n<\/div>\n<div id=\"element_2_loop\"><\/div>\n<\/div>\n<\/div>\n<div id=\"row_1\" class=\"pb_row pb_row-pad\">\n<div id=\"col_1\" class=\"pb_col pb_col-1-2\">\n<div id=\"element_3_loop\">\n<div id=\"element_3\" class=\"el_type_image\">\n<div id=\"element_image_3\" class=\"\"><img decoding=\"async\" class=\"aligncenter\" src=\"https:\/\/www.paradisointerra.com\/risorse\/wp-content\/uploads\/igloo\/1498\/images\/user\/mrg2ogcly47au8v33vao.jpg\" \/><\/div>\n<\/div>\n<\/div>\n<\/div>\n<div id=\"col_2\" class=\"pb_col pb_col-1-2\">\n<div id=\"element_4_loop\">\n<div id=\"element_4\" class=\"el_type_text\">\n<div id=\"element_text_4\">\n<p align=\"LEFT\">La maggior parte delle persone convive con una sottile insoddisfazione, come una musica malinconica di sottofondo, anche quando la vita sembra scorrere bene, con i soldi, la salute, le amicizie&#8230; Non parliamo poi di quando invece le cose vanno male: un compagno che ti lascia, un figlio che non ti parla, una malattia, rimanere senza soldi&#8230; Allora s\u00ec che il senso di mancanza \u00e8 forte!<\/p>\n<p align=\"LEFT\"><strong>I motivi &#8220;razionali&#8221; dell&#8217;insoddisfazione di fondo sono tanti<\/strong>\u00a0(il mutuo da pagare, la sfortuna, la crisi, la malattia, ),\u00a0<strong>ma la causa energetica \u00e8 quasi sempre la stessa<\/strong>: <strong>non<\/strong> seguire la propria Missione dell&#8217;Anima.<\/p>\n<p><span class=\"el_text dynva\">Per paura di guardare dentro se stessi queste persone riempiono il tempo con tante cose da fare perch\u00e9 il VUOTO le spaventa! Se invece non hanno niente da fare si intristiscono o si deprimono.<br \/>\n<\/span><\/p>\n<p align=\"LEFT\">Quando non si segue la propria Missione di vita, \u00e8 come se scalassimo una montagna senza allenamento n\u00e9 attrezzatura&#8230; Si fa un sacco di fatica e in sostanza, si rimane fermi al punto di partenza.<br \/>\nEcco perch\u00e9, anche dop<img loading=\"lazy\" decoding=\"async\" class=\"alignleft\" src=\"https:\/\/www.paradisointerra.com\/risorse\/wp-content\/uploads\/igloo\/1498\/images\/user\/fbdrxjshf1spcd8sgy99.jpg\" width=\"375\" height=\"368\" \/>o aver costruito &#8220;qualcosa&#8221; \u00a0nella vita, poi tutto pu\u00f2 crollare da un momento all&#8217;altro<em>:\u00a0<strong>\u00e8 un modo che la nostra anima ha, per farci portare l&#8217;attenzione verso di essa e la sua missione<\/strong>.<\/em><\/p>\n<p align=\"LEFT\">Addirittura questo scenario si pu\u00f2 protrarre per intere vite&#8230; perch\u00e9 se in questa vita non portiamo avanti la nostra Missione, ci reincarneremo nuovamente, e cos\u00ec via, finch\u00e9 non l&#8217;avremo portata a termine. L&#8217;Anima vuole evolvere verso l&#8217;amore e superare il &#8220;tema karmico&#8221;!<\/p>\n<p align=\"LEFT\">E attenzione: la\u00a0<strong>missione non va &#8220;scoperta&#8221; ma solo &#8220;ricordata&#8221;<\/strong>\u00a0perch\u00e9 la nostra anima prima di incarnarsi sapeva gi\u00e0 cosa veniva a fare sulla Terra!<\/p>\n<p><span class=\"el_text dynva\">\u00a0\ud83c\udf81\ud83c\udf81\ud83c\udf81\ud83c\udf81\ud83c\udf81\ud83c\udf81\ud83c\udf81\ud83c\udf81\ud83c\udf81\ud83c\udf81\ud83c\udf81\ud83c\udf81\ud83c\udf81\ud83c\udf81\ud83c\udf81\ud83c\udf81\ud83c\udf81\ud83c\udf81\ud83c\udf81\ud83c\udf81\ud83c\udf81\ud83c\udf81<\/span><\/p>\n<\/div>\n<\/div>\n<\/div>\n<\/div>\n<\/div>\n<div id=\"row_2\" class=\"pb_row pb_row-pad\">\n<div id=\"col_3\" class=\"pb_col pb_col-1-2\">\n<div id=\"element_5_loop\">\n<div id=\"element_5\" class=\"el_type_text\">\n<div id=\"element_text_5\"><span class=\"el_text dynva\"><strong>La ricerca della tua mission \u00e8 il regalo pi\u00f9 grande che tu possa fare a te stesso e a chiunque tu incontri nel tuo cammino. La tua missione \u00e8 gi\u00e0 dentro di te, non devi scoprirla ma RICORDARLA!<\/strong><br \/>\nSolo ritagliandoti del tempo appositamente dedicato alla conoscenza profonda di te stesso puoi ricordare la tua missione di vita.<br \/>\nPotrai rispondere a domande come:<br \/>\nDi cosa ho bisogno? Qual \u00e8 la situazione che, se affrontata, porterebbe pi\u00f9 gioia nella mia vita?<br \/>\nChe qualit\u00e0 ho bisogno di allenare nella mia vita per essere una persona migliore: amore, empatia, pazienza, buonumore\u2026? Qual \u00e8 lo scopo &#8220;superiore&#8221; della mia vita? Come posso servire gli altri?<br \/>\n<strong>Per crescere e diventare felici il silenzio \u00e8 una tappa fondamentale.<\/strong><br \/>\nDistaccarti anche per mezz&#8217;ora dalle faccende quotidiane per fare chiarezza dentro di te, \u00a0\u00e8 un passo essenziale per cominciare il viaggio verso la felicit\u00e0 e verso la comprensione cosciente dello scopo dell\u2019esistenza.<br \/>\nLa solitudine, se usata per specchiarti nell&#8217;anima, non \u00e8 da rifuggire, ma da ricercare ogni giorno per conoscerti e innamorarti di te!<\/span><\/div>\n<\/div>\n<\/div>\n<\/div>\n<div id=\"col_4\" class=\"pb_col pb_col-1-2\"><\/div>\n<\/div>\n<div id=\"row_3\" class=\"pb_row pb_row-pad\"><\/div>\n<div id=\"row_4\" class=\"pb_row pb_row-pad\">\n<div id=\"col_6\" class=\"pb_col pb_col-1-2\">\n<div id=\"element_8_loop\">\n<div id=\"element_8\" class=\"el_type_image\">\n<div id=\"element_image_8\" class=\"\"><img decoding=\"async\" src=\"https:\/\/www.paradisointerra.com\/risorse\/wp-content\/uploads\/igloo\/1498\/images\/user\/wkrjr3sqeeibaqn9l2bw.jpg\" \/><\/div>\n<\/div>\n<\/div>\n<\/div>\n<div id=\"col_7\" class=\"pb_col pb_col-1-2\">\n<div id=\"element_9_loop\">\n<div id=\"element_9\" class=\"el_type_text\">\n<div id=\"element_text_9\"><span class=\"el_text dynva\">Chiunque tu sia, qualunque sia la tua impostazione di vita, oggi ti esorto a cercare la<strong> solitudine ATTIVA<\/strong>, per conoscere ed amare te stesso.<br \/>\nUna solitudine per SCELTA, <strong>per RICORDARE la missione della tua anima su questa Terra<\/strong>.\ud83c\udf0e Prendi il tempo per te, iniziando piano piano, dapprima pochi minuti, poi mezz\u2019ora, poi un\u2019ora&#8230;<\/span><\/div>\n<div><span class=\"el_text dynva\"><strong><em>Cosa fare di questo tempo di solitudine \u201cbenedetta\u201d?<\/em><\/strong><br \/>\nEsci di casa. Scegli un luogo che ti ispira, se hai poco tempo fai una passeggiata vicino a casa possibilmente nel verde, al mare o al fiume. Se hai pi\u00f9 tempo prendi la macchina e scegli un luogo che ti ispira. Porta con te il tuo quaderno o diario.<br \/>\nIl diario \u00e8 uno strumento meraviglioso per conoscere te stesso e impostare il programma \u201cAMORE DI ME.\u201d Quando scrivi, estrai parole, sentimenti, emozioni da dentro di te per metterli sulla carta e solo questo gesto \u00e8 di per s\u00e9 liberatorio e fonte di profonda comprensione dei risultati che hai creato fino ad oggi della tua vita.<\/span><\/div>\n<\/div>\n<\/div>\n<div>\ud83c\udf3a\ud83c\udf3a\ud83c\udf3a\ud83c\udf3a\ud83c\udf3a\ud83c\udf3a\ud83c\udf3a\ud83c\udf3a\ud83c\udf3a\ud83c\udf3a\ud83c\udf3a\ud83c\udf3a\ud83c\udf3a\ud83c\udf3a\ud83c\udf3a\ud83c\udf3a\ud83c\udf3a\ud83c\udf3a\ud83c\udf3a\ud83c\udf3a\ud83c\udf3a\ud83c\udf3a\ud83c\udf3a\ud83c\udf3a<\/div>\n<div><\/div>\n<div><\/div>\n<\/div>\n<\/div>\n<\/div>\n<div id=\"sec_3\" class=\"pb_section\">\n<div id=\"row_5\" class=\"pb_row pb_row-pad\">\n<div id=\"col_8\" class=\"pb_col pb_col-1-2\">\n<div id=\"element_10_loop\">\n<div id=\"element_10\" class=\"el_type_text\">\n<h3 id=\"element_text_10\"><span class=\"el_text dynva\">Chi sono<\/span><\/h3>\n<\/div>\n<\/div>\n<div id=\"element_11_loop\">\n<div id=\"element_11\" class=\"el_type_text\">\n<div id=\"element_text_11\">\n<p><span class=\"el_text dynva\"><a href=\"http:\/\/www.paradisointerra.com\/risorse\/wp-content\/uploads\/2018\/05\/10828017_10204203931392547_1452122489927739372_o.jpg\"><img loading=\"lazy\" decoding=\"async\" class=\"alignleft size-medium wp-image-757\" src=\"http:\/\/www.paradisointerra.com\/risorse\/wp-content\/uploads\/2018\/05\/10828017_10204203931392547_1452122489927739372_o-247x300.jpg\" alt=\"\" width=\"247\" height=\"300\" srcset=\"http:\/\/www.paradisointerra.com\/risorse\/wp-content\/uploads\/2018\/05\/10828017_10204203931392547_1452122489927739372_o-247x300.jpg 247w, http:\/\/www.paradisointerra.com\/risorse\/wp-content\/uploads\/2018\/05\/10828017_10204203931392547_1452122489927739372_o-768x934.jpg 768w, http:\/\/www.paradisointerra.com\/risorse\/wp-content\/uploads\/2018\/05\/10828017_10204203931392547_1452122489927739372_o-842x1024.jpg 842w, http:\/\/www.paradisointerra.com\/risorse\/wp-content\/uploads\/2018\/05\/10828017_10204203931392547_1452122489927739372_o.jpg 980w\" sizes=\"auto, (max-width: 247px) 100vw, 247px\" \/><\/a>Mi chiamo Alessandra Donati, autrice del sitowww.paradisointerra.com e del libro &#8220;Manifestare con la luna&#8221;.\u00a0<\/span>Sono da sempre un'&#8221;anima solitaria&#8221;, amo passeggiare nel verde DA SOLA, in presenza, per sentirmi connessa alla divinit\u00e0 che \u00e8 in me. A volte ascolto corsi con le cuffie, leggo libri di spiritualit\u00e0 passeggiando, mi fermo a scrivere i desideri sul quaderno o progetto articoli e corsi quasi sempre lontano da casa, in un luogo verde. Nutro il mio spirito perch\u00e9 mi serve in famiglia, con i figli, con le persone che seguo, nelle inevitabili avversit\u00e0 della vita.Con questa abitudine ho un totale riferimento interno, niente e nessuno disturba la mia quiete e la mia integrit\u00e0. Sono inattaccabile!<\/p>\n<\/div>\n<\/div>\n<\/div>\n<\/div>\n<\/div>\n<\/div>\n<div id=\"sec_1\" class=\"pb_section\">\n<div id=\"row_6\" class=\"pb_row pb_row-pad\">\n<div id=\"col_10\" class=\"pb_col pb_col-1-1\">\n<div id=\"element_13_loop\">\n<div id=\"element_13\" class=\"el_type_text\">\n<div id=\"element_text_13\"><span class=\"el_text dynva\"><span class=\"el_text dynva\">\u00a0\ud83c\udf1f\ud83c\udf1fMi propongo come\u00a0<strong>guida per te per instaurare<br \/>\nConnessione Diretta e Consapevole con la tua Anima\ud83c\udf1f\ud83c\udf1f. Ecco perch\u00e9 ho creato il corso<\/strong><\/span><\/span><\/div>\n<\/div>\n<\/div>\n<div id=\"element_14_loop\">\n<div id=\"element_14\" class=\"el_type_text\">\n<h3 id=\"element_text_14\" style=\"text-align: center;\"><span class=\"el_text dynva\"><strong>Ricorda la tua Missione dell&#8217;Anima<\/strong><\/span><\/h3>\n<\/div>\n<\/div>\n<div id=\"element_15_loop\"><\/div>\n<\/div>\n<\/div>\n<div id=\"row_7\" class=\"pb_row pb_row-pad\">\n<div id=\"col_11\" class=\"pb_col pb_col-1-2\">\n<div id=\"element_16_loop\">\n<div id=\"element_16\" class=\"el_type_image\">\n<div id=\"element_image_16\" class=\"\"><img decoding=\"async\" class=\"aligncenter\" src=\"https:\/\/www.paradisointerra.com\/risorse\/wp-content\/uploads\/igloo\/1498\/images\/user\/ln9h9strryzv5pu47gt0.png\" \/><\/div>\n<\/div>\n<\/div>\n<\/div>\n<div id=\"col_12\" class=\"pb_col pb_col-1-2\">\n<div id=\"element_17_loop\">\n<div id=\"element_17\" class=\"el_type_text\">\n<div id=\"element_text_17\">\n<p><span class=\"el_text dynva\">Il corso contiene:<\/span><\/p>\n<p><strong>&#8211;\u00a0<\/strong><u><strong>un ebook formato pdf<\/strong><\/u>, da stampare e portare con<br \/>\ns\u00e9, per il lavoro in solitudine, possibilmente in un luogo lontano da casa.<\/p>\n<p><strong>&#8211; La versione audio mp3 dell&#8217;ebook<\/strong><\/p>\n<p><strong>&#8211; eliminazione patti, giuramenti, accordi e vincoli\u00a0<\/strong>contratti in questa o altre vite che ti limitano la vita: audio mp3<\/p>\n<p><strong>&#8211; meditazione del perdono verso te stesso<\/strong>: audio mp3<br \/>\n<strong>&#8211; spunti per iniziare a dichiarare la tua missione:\u00a0<\/strong>\u00a0 \u00a0 \u00a0audio mp3<br \/>\n<strong>&#8211; meditazione del talento divino:<\/strong>\u00a0audio mp3<br \/>\n<strong>&#8211; meditazione apertura del cuore:\u00a0<\/strong>audio mp3<\/p>\n<\/div>\n<\/div>\n<\/div>\n<\/div>\n<\/div>\n<div id=\"row_8\" class=\"pb_row pb_row-pad\">\n<div id=\"col_13\" class=\"pb_col pb_col-1-1\">\n<h3 id=\"element_18_loop\" style=\"text-align: center;\"><span style=\"color: #ff0000;\"><strong>\u00a0Costo<\/strong><\/span><\/h3>\n<div id=\"element_19_loop\">\n<div id=\"element_19\" class=\"el_type_text\">\n<h3 id=\"element_text_19\" style=\"text-align: center;\"><span class=\"el_text dynva\">47 euro.<\/span><\/h3>\n<\/div>\n<\/div>\n<\/div>\n<\/div>\n<div id=\"row_9\" class=\"pb_row pb_row-pad\">\n<div id=\"col_14\" class=\"pb_col pb_col-1-1\">\n<div class=\"dynva\"><a href=\"https:\/\/www.paypal.com\/cgi-bin\/webscr?cmd=_s-xclick&amp;hosted_button_id=VQGRZM7Z9EL3N\"><img loading=\"lazy\" decoding=\"async\" class=\"wp-image-1916 aligncenter\" src=\"http:\/\/www.paradisointerra.com\/risorse\/wp-content\/uploads\/2021\/12\/Pulsante-paga-adesso-con-paypal-300x109.png\" alt=\"\" width=\"388\" height=\"141\" srcset=\"http:\/\/www.paradisointerra.com\/risorse\/wp-content\/uploads\/2021\/12\/Pulsante-paga-adesso-con-paypal-300x109.png 300w, http:\/\/www.paradisointerra.com\/risorse\/wp-content\/uploads\/2021\/12\/Pulsante-paga-adesso-con-paypal.png 478w\" sizes=\"auto, (max-width: 388px) 100vw, 388px\" \/><\/a><\/div>\n<\/div>\n<\/div>\n<div id=\"row_10\" class=\"pb_row pb_row-pad\">\n<div id=\"col_15\" class=\"pb_col pb_col-1-1\">\n<div id=\"element_21_loop\">\n<div id=\"element_21\" class=\"el_type_text\">\n<p style=\"text-align: left;\">Appena pagato con carta o paypal ti arriva un form dove scriverai il tuo nome e la tua mail. Subito dopo ti arriva la mail con il link del corso. Se incontri difficolt\u00e0 scrivimi subito che ti mando tutto manualmente! (alessandra@paradisointerra.com)<\/p>\n<h4 style=\"text-align: center;\"><\/h4>\n<h4 id=\"element_text_21\" style=\"text-align: center;\"><span class=\"el_text dynva\" style=\"color: #ff0000;\">Alcune testimonianze<\/span><\/h4>\n<\/div>\n<\/div>\n<\/div>\n<\/div>\n<div id=\"row_11\" class=\"pb_row pb_row-pad\">\n<div id=\"col_16\" class=\"pb_col pb_col-1-3\">\n<div id=\"element_22_loop\">\n<div id=\"element_22\" class=\"el_type_image\">\n<div id=\"element_image_22\" class=\"\"><img loading=\"lazy\" decoding=\"async\" class=\"alignleft\" src=\"https:\/\/www.paradisointerra.com\/risorse\/wp-content\/uploads\/igloo\/1498\/images\/user\/ilcew1sj7zyenbwr3yl7.png\" width=\"226\" height=\"226\" \/><\/div>\n<\/div>\n<\/div>\n<div id=\"element_23_loop\">\n<div id=\"element_23\" class=\"el_type_text\">\n<div id=\"element_text_23\"><span class=\"el_text dynva\">Non so come ringraziarti per aver creato il corso sulla missione dell&#8217;anima.<br \/>\nDa quando lo seguo mio marito non mi riconosce pi\u00f9. Ho capito che una delle mie missioni dell&#8217;anima \u00e8 AMARE semplicemente me stessa ESSENDO ME STESSA senza maschere e poi amare gli altri!<br \/>\nAllora ogni giorno, mentre seguivo il corso, facevo piccole cose per me e per gli altri, che annotavo sul mio diario. In fondo alla giornata volevo solo aver seguito il tuo corso e preso una piccola decisione per me e per gli altri: pregare, cucinare, abbracciare, dire parole gentili, aiutare, onorarmi con qualcosa che mi fa piacere&#8230;<br \/>\nQuando sono sola sono pi\u00f9 forte Ale, col tuo corso vedo tante mie verit\u00e0 che prima erano nascoste. Grazie di cuore.<\/span><\/div>\n<div>Patrizia<\/div>\n<div>__________________________________________________________________<\/div>\n<div><\/div>\n<\/div>\n<\/div>\n<\/div>\n<div id=\"col_17\" class=\"pb_col pb_col-1-3\">\n<div id=\"element_24_loop\">\n<div id=\"element_24\" class=\"el_type_image\">\n<div id=\"element_image_24\" class=\"\"><img loading=\"lazy\" decoding=\"async\" class=\"alignleft\" src=\"https:\/\/www.paradisointerra.com\/risorse\/wp-content\/uploads\/igloo\/1498\/images\/user\/y7dt96sogx4josxy7k6e.png\" width=\"242\" height=\"242\" \/><\/div>\n<\/div>\n<\/div>\n<div id=\"element_25_loop\">\n<div id=\"element_25\" class=\"el_type_text\">\n<div id=\"element_text_25\"><span class=\"el_text dynva\">Il corso sulla missione dell&#8217;anima ha aiutato a mettere da parte il bisogno di giudicare ed allontanare il peso dei giudizi altrui, che mi ha condizionato per gran parte della vita. Pur toccando tasti &#8220;forti&#8221; il corso \u00e8 impostato in modo semplice e diretto e attiva dritto al punto. Per me \u00e8 stato un punto di inizio verso l&#8217;apprezzamento di me stessa e del mio valore, ora sento che POSSO diventare la persona che voglio diventare! Sento di avere una missione su questa Terra e la prima missione \u00e8 una coscienza pi\u00f9 elevata verso l&#8217;amore di me.<\/span><\/div>\n<div>Laura<\/div>\n<div>_____________________________________________________________________<\/div>\n<div><\/div>\n<\/div>\n<\/div>\n<\/div>\n<div id=\"col_18\" class=\"pb_col pb_col-1-3\">\n<div id=\"element_26_loop\">\n<div id=\"element_26\" class=\"el_type_image\">\n<div id=\"element_image_26\" class=\"\"><img loading=\"lazy\" decoding=\"async\" class=\"alignleft\" src=\"https:\/\/www.paradisointerra.com\/risorse\/wp-content\/uploads\/igloo\/1498\/images\/user\/jvvgvgbbkgjzwx29t3lx.png\" width=\"186\" height=\"185\" \/><\/div>\n<\/div>\n<\/div>\n<div id=\"element_27_loop\">\n<div id=\"element_27\" class=\"el_type_text\">\n<div id=\"element_text_27\"><span class=\"el_text dynva\">Sono sempre stata alla ricerca approfondita di una maggiore conoscenza di me e dello scopo dell&#8217;anima nella mia vita, e finalmente mi sono imbattuta in questo Corso ben tracciato e guidato di Alessandra Donati. L&#8217;ho trovato semplice, completo, e immediato poich\u00e9 racchiude le fondamenta essenziali del percorso e del cammino della propria essenza, con una concentrazione di esercizi guidati e precisi che mi spingono verso mia realizzazione spirituale. E&#8217; incoraggiante e di grande aiuto per andare a fondo. L&#8217;ascolto del proprio S\u00e9 nel silenzio per esempio \u00e8 ci\u00f2 che ho sempre condiviso e approvo come fondamentale per evitare distrazioni e dispersioni! Realizzare lo scopo della vita ed essere Felici \u00e8 Tutto!<\/span><\/div>\n<div>Sabrina<\/div>\n<\/div>\n<\/div>\n<div>__________________________________________________________________<\/div>\n<\/div>\n<\/div>\n<\/div>\n<div id=\"sec_4\" class=\"pb_section\">\n<div id=\"row_12\" class=\"pb_row pb_row-pad\">\n<div id=\"col_19\" class=\"pb_col pb_col-1-1\">\n<div id=\"element_28_loop\">\n<div id=\"element_28\" class=\"el_type_text\">\n<h4 id=\"element_text_28\"><span class=\"el_text dynva\">Come riceverai il corso<\/span><\/h4>\n<\/div>\n<\/div>\n<div id=\"element_29_loop\">\n<div id=\"element_29\" class=\"el_type_text\">\n<div id=\"element_text_29\"><span class=\"el_text dynva\">Giova ripeterlo! Dopo aver completato il pagamento, ti invier\u00f2 una e-mail con tutto il materiale. Potrai quindi scaricarlo e ascoltarlo dal tuo computer o dal tuo cellulare.<br \/>\nScaricare gli audio e l&#8217;ebook \u00e8 facilissimo, ma se hai anche il pi\u00f9 piccolo problema, baster\u00e0 mandarmi un\u2019email a alessandra@paradisointerra.com e ti risponder\u00f2 subito. \u00a0<\/span><\/div>\n<\/div>\n<\/div>\n<\/div>\n<\/div>\n<div id=\"row_13\" class=\"pb_row pb_row-pad\">\n<div id=\"col_20\" class=\"pb_col pb_col-1-1\">\n<div id=\"element_30_loop\">\n<div id=\"element_30\" class=\"el_type_text\">\n<div id=\"element_text_30\"><span class=\"el_text dynva\">\u00a0<\/span><\/div>\n<\/div>\n<\/div>\n<\/div>\n<\/div>\n<\/div>\n<div id=\"sec_5\" class=\"pb_section\">\n<div id=\"row_14\" class=\"pb_row pb_row-pad\">\n<div id=\"col_21\" class=\"pb_col pb_col-1-1\">\n<div id=\"element_31_loop\">\n<div id=\"element_31\" class=\"el_type_text\">\n<h4 id=\"element_text_31\"><strong><span class=\"el_text dynva\">F.a.q.<\/span><\/strong><\/h4>\n<\/div>\n<\/div>\n<div id=\"element_32_loop\">\n<div id=\"element_32\" class=\"el_type_text\">\n<div id=\"element_text_32\">\n<p><span class=\"el_text dynva\"><strong>Come posso scoprire o ricordare la mia missione se la mia vita \u00e8 squilibrata?<\/strong><\/span><\/p>\n<p>Il corso, svolto in solitudine, ti aiuta proprio a riequilibrare la tua vita. Il tuo S\u00e9 superiore ti parler\u00e0 e tu, libero dal &#8220;rumore di fondo&#8221; che normalmente permea la tua vita, lo ascolterai.<\/p>\n<p><strong>La mia missione ha per forza a che fare con l&#8217;aiutare gli altri?<\/strong><\/p>\n<p>S\u00ec. Non sei solo a questo mondo, hai tanti fratelli che hanno bisogno di te. Anche aiutare un figlio a crescere sano e felice \u00e8 una missione.<\/p>\n<p><strong>Ho una missione specifica o pi\u00f9 di una?<\/strong><\/p>\n<p>Puoi averne diverse. Per ascoltare l&#8217;anima, nel corso ti invito ad esempio a pensare ai tuoi talenti (che hai utilizzato oppure no) alle cose che ricorrono spesso nella tua vita (ad esempio l&#8217;amore per piante e animali, i viaggi di un certo tipo, la tua creativit\u00e0 o arte&#8230;)<br \/>\nPuoi avere pi\u00f9 missioni, sia &#8220;terrene&#8221; che &#8220;spirituali&#8221;, che avranno in comune la tua passione\/amore per la vita e per gli altri.<br \/>\n<strong><br \/>\nQuando ho capito qual \u00e8 la mia missione come faccio per seguirla se non ho tempo?<\/strong><br \/>\nIl tuo cuore ti spinge a fare di tutto per inseguirla! Appena diventi consapevole ti arriva anche il coraggio (cuore in azione) e incredibilmente &#8211; trovi anche il tempo.<\/p>\n<p>Che tu possa avere una vita colma d&#8217;amore, gioia e abbondanza, che tu trovi la tua realizzazione personale e spirituale e, mentre la cerchi, che tu ti diverta lungo la via. Ti amo!\u2764\ufe0f<\/p>\n<\/div>\n<\/div>\n<\/div>\n<\/div>\n<\/div>\n<\/div>\n","protected":false},"excerpt":{"rendered":"<p>Riconosci la tua Missione dell&#8217;Anima Quando scopri il tuo scopo di vita\u00a0e ti allinei al volere della tua anima, diventi una persona che sa cosa vuole dalla vita, perch\u00e9\u00a0hai finalmente un faro\u00a0che ti illumina nel lavoro, in famiglia, nelle relazioni. La maggior parte delle persone convive con una sottile insoddisfazione, come una musica malinconica di&#x2026; <span class=\"link-container\"><a href=\"http:\/\/www.paradisointerra.com\/risorse\/missione\/\" class=\"more-link\">Continue Reading <span class=\"screen-reader-text\">missione<\/span><\/a><\/span><\/p>\n","protected":false},"author":1,"featured_media":0,"parent":0,"menu_order":0,"comment_status":"closed","ping_status":"closed","template":"templates\/full-width-page.php","meta":{"footnotes":""},"class_list":["post-1998","page","type-page","status-publish","hentry"],"_links":{"self":[{"href":"http:\/\/www.paradisointerra.com\/risorse\/wp-json\/wp\/v2\/pages\/1998","targetHints":{"allow":["GET"]}}],"collection":[{"href":"http:\/\/www.paradisointerra.com\/risorse\/wp-json\/wp\/v2\/pages"}],"about":[{"href":"http:\/\/www.paradisointerra.com\/risorse\/wp-json\/wp\/v2\/types\/page"}],"author":[{"embeddable":true,"href":"http:\/\/www.paradisointerra.com\/risorse\/wp-json\/wp\/v2\/users\/1"}],"replies":[{"embeddable":true,"href":"http:\/\/www.paradisointerra.com\/risorse\/wp-json\/wp\/v2\/comments?post=1998"}],"version-history":[{"count":14,"href":"http:\/\/www.paradisointerra.com\/risorse\/wp-json\/wp\/v2\/pages\/1998\/revisions"}],"predecessor-version":[{"id":2014,"href":"http:\/\/www.paradisointerra.com\/risorse\/wp-json\/wp\/v2\/pages\/1998\/revisions\/2014"}],"wp:attachment":[{"href":"http:\/\/www.paradisointerra.com\/risorse\/wp-json\/wp\/v2\/media?parent=1998"}],"curies":[{"name":"wp","href":"https:\/\/api.w.org\/{rel}","templated":true}]}}